{"id":38,"date":"2023-02-01T15:22:03","date_gmt":"2023-02-01T14:22:03","guid":{"rendered":"https:\/\/konferencja.wieliczka.eu\/?page_id=38"},"modified":"2023-03-06T15:50:19","modified_gmt":"2023-03-06T14:50:19","slug":"kontakt","status":"publish","type":"page","link":"https:\/\/konferencja.wieliczka.eu\/?page_id=38","title":{"rendered":"KONTAKT"},"content":{"rendered":"\n<p><strong>Biuro konferencji:<\/strong><\/p>\n\n\n\n<p><a href=\"mailto:konferencja@wieliczka.eu\">konferencja@wieliczka.eu<\/a><\/p>\n\n\n\n<p> <\/p>\n\n\n\n<p>Mo\u017cesz r\u00f3wnie\u017c skontaktowa\u0107 si\u0119 z nami poprzez poni\u017cszy formularz:<\/p>\n\n\n<div class=\"wpforms-container wpforms-container-full\" id=\"wpforms-214\"><form id=\"wpforms-form-214\" class=\"wpforms-validate wpforms-form wpforms-ajax-form\" data-formid=\"214\" method=\"post\" enctype=\"multipart\/form-data\" action=\"\/index.php?rest_route=%2Fwp%2Fv2%2Fpages%2F38\" data-token=\"14e9372c4293406a317f6dc58cf47d92\" data-token-time=\"1777645229\"><noscript class=\"wpforms-error-noscript\">Aby wype\u0142ni\u0107 ten formularz, w\u0142\u0105cz obs\u0142ug\u0119 JavaScript w przegl\u0105darce.<\/noscript><div class=\"wpforms-field-container\"><div id=\"wpforms-214-field_0-container\" class=\"wpforms-field wpforms-field-name\" data-field-id=\"0\"><label class=\"wpforms-field-label\" for=\"wpforms-214-field_0\">Imi\u0119 i nazwisko <span class=\"wpforms-required-label\">*<\/span><\/label><input type=\"text\" id=\"wpforms-214-field_0\" class=\"wpforms-field-medium wpforms-field-required\" name=\"wpforms[fields][0]\" required><\/div><div id=\"wpforms-214-field_1-container\" class=\"wpforms-field wpforms-field-email\" data-field-id=\"1\"><label class=\"wpforms-field-label\" for=\"wpforms-214-field_1\">Adres e-mail <span class=\"wpforms-required-label\">*<\/span><\/label><input type=\"email\" id=\"wpforms-214-field_1\" class=\"wpforms-field-medium wpforms-field-required\" name=\"wpforms[fields][1]\" spellcheck=\"false\" required><\/div><div id=\"wpforms-214-field_3-container\" class=\"wpforms-field wpforms-field-text\" data-field-id=\"3\"><label class=\"wpforms-field-label\" for=\"wpforms-214-field_3\">Temat <span class=\"wpforms-required-label\">*<\/span><\/label><input type=\"text\" id=\"wpforms-214-field_3\" class=\"wpforms-field-medium wpforms-field-required\" name=\"wpforms[fields][3]\" required><\/div><div id=\"wpforms-214-field_2-container\" class=\"wpforms-field wpforms-field-textarea\" data-field-id=\"2\"><label class=\"wpforms-field-label\" for=\"wpforms-214-field_2\">Tre\u015b\u0107 wiadomo\u015bci<\/label><textarea id=\"wpforms-214-field_2\" class=\"wpforms-field-medium\" name=\"wpforms[fields][2]\" ><\/textarea><\/div><\/div><!-- .wpforms-field-container --><div class=\"wpforms-recaptcha-container wpforms-is-recaptcha wpforms-is-recaptcha-type-v2\" ><div class=\"g-recaptcha\" data-sitekey=\"6Ldmj0MkAAAAAI-oRXXcZimp6hz9X7Q4BK7FU-AF\"><\/div><input type=\"text\" name=\"g-recaptcha-hidden\" class=\"wpforms-recaptcha-hidden\" style=\"position:absolute!important;clip:rect(0,0,0,0)!important;height:1px!important;width:1px!important;border:0!important;overflow:hidden!important;padding:0!important;margin:0!important;\" data-rule-recaptcha=\"1\"><\/div><div class=\"wpforms-submit-container\" ><input type=\"hidden\" name=\"wpforms[id]\" value=\"214\"><input type=\"hidden\" name=\"page_title\" value=\"\"><input type=\"hidden\" name=\"page_url\" value=\"https:\/\/konferencja.wieliczka.eu\/index.php?rest_route=\/wp\/v2\/pages\/38\"><input type=\"hidden\" name=\"url_referer\" value=\"\"><button type=\"submit\" name=\"wpforms[submit]\" id=\"wpforms-submit-214\" class=\"wpforms-submit\" data-alt-text=\"Wysy\u0142anie...\" data-submit-text=\"Wy\u015blij\" aria-live=\"assertive\" value=\"wpforms-submit\">Wy\u015blij<\/button><img loading=\"lazy\" decoding=\"async\" src=\"https:\/\/konferencja.wieliczka.eu\/wp-content\/plugins\/wpforms-lite\/assets\/images\/submit-spin.svg\" class=\"wpforms-submit-spinner\" style=\"display: none;\" width=\"26\" height=\"26\" alt=\"Wczytywanie\"><\/div><\/form><\/div>  <!-- .wpforms-container -->\n\n\n\n<p><\/p>\n\n\n\n<p><\/p>\n\n\n\n<p><\/p>\n\n\n\n<p><\/p>\n\n\n\n<p><\/p>\n\n\n\n<p><\/p>\n","protected":false},"excerpt":{"rendered":"<p>Biuro konferencji: konferencja@wieliczka.eu Mo\u017cesz r\u00f3wnie\u017c skontaktowa\u0107 si\u0119 z nami poprzez poni\u017cszy formularz:<\/p>\n","protected":false},"author":1,"featured_media":0,"parent":0,"menu_order":0,"comment_status":"closed","ping_status":"closed","template":"","meta":{"ngg_post_thumbnail":0,"footnotes":""},"class_list":["post-38","page","type-page","status-publish","hentry","latest_post"],"_links":{"self":[{"href":"https:\/\/konferencja.wieliczka.eu\/index.php?rest_route=\/wp\/v2\/pages\/38","targetHints":{"allow":["GET"]}}],"collection":[{"href":"https:\/\/konferencja.wieliczka.eu\/index.php?rest_route=\/wp\/v2\/pages"}],"about":[{"href":"https:\/\/konferencja.wieliczka.eu\/index.php?rest_route=\/wp\/v2\/types\/page"}],"author":[{"embeddable":true,"href":"https:\/\/konferencja.wieliczka.eu\/index.php?rest_route=\/wp\/v2\/users\/1"}],"replies":[{"embeddable":true,"href":"https:\/\/konferencja.wieliczka.eu\/index.php?rest_route=%2Fwp%2Fv2%2Fcomments&post=38"}],"version-history":[{"count":10,"href":"https:\/\/konferencja.wieliczka.eu\/index.php?rest_route=\/wp\/v2\/pages\/38\/revisions"}],"predecessor-version":[{"id":410,"href":"https:\/\/konferencja.wieliczka.eu\/index.php?rest_route=\/wp\/v2\/pages\/38\/revisions\/410"}],"wp:attachment":[{"href":"https:\/\/konferencja.wieliczka.eu\/index.php?rest_route=%2Fwp%2Fv2%2Fmedia&parent=38"}],"curies":[{"name":"wp","href":"https:\/\/api.w.org\/{rel}","templated":true}]}}