{"id":339,"date":"2023-03-02T15:29:01","date_gmt":"2023-03-02T14:29:01","guid":{"rendered":"https:\/\/konferencja.wieliczka.eu\/?page_id=339"},"modified":"2023-03-06T15:52:54","modified_gmt":"2023-03-06T14:52:54","slug":"contact","status":"publish","type":"page","link":"https:\/\/konferencja.wieliczka.eu\/?page_id=339&lang=en","title":{"rendered":"CONTACT"},"content":{"rendered":"\n<p> <\/p>\n\n\n\n<p><strong>Conference office<\/strong>:<\/p>\n\n\n\n<p><a href=\"mailto:konferencja@wieliczka.eu\">konferencja@wieliczka.eu<\/a><\/p>\n\n\n\n<p>Contact form:<\/p>\n\n\n<div class=\"wpforms-container wpforms-container-full\" id=\"wpforms-344\"><form id=\"wpforms-form-344\" class=\"wpforms-validate wpforms-form wpforms-ajax-form\" data-formid=\"344\" method=\"post\" enctype=\"multipart\/form-data\" action=\"\/index.php?rest_route=%2Fwp%2Fv2%2Fpages%2F339\" data-token=\"cc68cbdbae61fa7e0ad2b51fb1c38fc5\" data-token-time=\"1777652194\"><noscript class=\"wpforms-error-noscript\">Aby wype\u0142ni\u0107 ten formularz, w\u0142\u0105cz obs\u0142ug\u0119 JavaScript w przegl\u0105darce.<\/noscript><div class=\"wpforms-field-container\"><div id=\"wpforms-344-field_0-container\" class=\"wpforms-field wpforms-field-name\" data-field-id=\"0\"><label class=\"wpforms-field-label\" for=\"wpforms-344-field_0\">First and last name <span class=\"wpforms-required-label\">*<\/span><\/label><input type=\"text\" id=\"wpforms-344-field_0\" class=\"wpforms-field-medium wpforms-field-required\" name=\"wpforms[fields][0]\" required><\/div><div id=\"wpforms-344-field_1-container\" class=\"wpforms-field wpforms-field-email\" data-field-id=\"1\"><label class=\"wpforms-field-label\" for=\"wpforms-344-field_1\">e-mail <span class=\"wpforms-required-label\">*<\/span><\/label><input type=\"email\" id=\"wpforms-344-field_1\" class=\"wpforms-field-medium wpforms-field-required\" name=\"wpforms[fields][1]\" spellcheck=\"false\" required><\/div><div id=\"wpforms-344-field_3-container\" class=\"wpforms-field wpforms-field-text\" data-field-id=\"3\"><label class=\"wpforms-field-label\" for=\"wpforms-344-field_3\">Subject <span class=\"wpforms-required-label\">*<\/span><\/label><input type=\"text\" id=\"wpforms-344-field_3\" class=\"wpforms-field-medium wpforms-field-required\" name=\"wpforms[fields][3]\" required><\/div><div id=\"wpforms-344-field_2-container\" class=\"wpforms-field wpforms-field-textarea\" data-field-id=\"2\"><label class=\"wpforms-field-label\" for=\"wpforms-344-field_2\">Content of the message<\/label><textarea id=\"wpforms-344-field_2\" class=\"wpforms-field-medium\" name=\"wpforms[fields][2]\" ><\/textarea><\/div><\/div><!-- .wpforms-field-container --><div class=\"wpforms-recaptcha-container wpforms-is-recaptcha wpforms-is-recaptcha-type-v2\" ><div class=\"g-recaptcha\" data-sitekey=\"6Ldmj0MkAAAAAI-oRXXcZimp6hz9X7Q4BK7FU-AF\"><\/div><input type=\"text\" name=\"g-recaptcha-hidden\" class=\"wpforms-recaptcha-hidden\" style=\"position:absolute!important;clip:rect(0,0,0,0)!important;height:1px!important;width:1px!important;border:0!important;overflow:hidden!important;padding:0!important;margin:0!important;\" data-rule-recaptcha=\"1\"><\/div><div class=\"wpforms-submit-container\" ><input type=\"hidden\" name=\"wpforms[id]\" value=\"344\"><input type=\"hidden\" name=\"page_title\" value=\"\"><input type=\"hidden\" name=\"page_url\" value=\"https:\/\/konferencja.wieliczka.eu\/index.php?rest_route=\/wp\/v2\/pages\/339\"><input type=\"hidden\" name=\"url_referer\" value=\"\"><button type=\"submit\" name=\"wpforms[submit]\" id=\"wpforms-submit-344\" class=\"wpforms-submit\" data-alt-text=\"Sending...\" data-submit-text=\"Send\" aria-live=\"assertive\" value=\"wpforms-submit\">Send<\/button><img loading=\"lazy\" decoding=\"async\" src=\"https:\/\/konferencja.wieliczka.eu\/wp-content\/plugins\/wpforms-lite\/assets\/images\/submit-spin.svg\" class=\"wpforms-submit-spinner\" style=\"display: none;\" width=\"26\" height=\"26\" alt=\"Wczytywanie\"><\/div><\/form><\/div>  <!-- .wpforms-container -->\n","protected":false},"excerpt":{"rendered":"<p>Conference office: konferencja@wieliczka.eu Contact form:<\/p>\n","protected":false},"author":1,"featured_media":0,"parent":0,"menu_order":0,"comment_status":"closed","ping_status":"closed","template":"","meta":{"ngg_post_thumbnail":0,"footnotes":""},"class_list":["post-339","page","type-page","status-publish","hentry","latest_post"],"_links":{"self":[{"href":"https:\/\/konferencja.wieliczka.eu\/index.php?rest_route=\/wp\/v2\/pages\/339","targetHints":{"allow":["GET"]}}],"collection":[{"href":"https:\/\/konferencja.wieliczka.eu\/index.php?rest_route=\/wp\/v2\/pages"}],"about":[{"href":"https:\/\/konferencja.wieliczka.eu\/index.php?rest_route=\/wp\/v2\/types\/page"}],"author":[{"embeddable":true,"href":"https:\/\/konferencja.wieliczka.eu\/index.php?rest_route=\/wp\/v2\/users\/1"}],"replies":[{"embeddable":true,"href":"https:\/\/konferencja.wieliczka.eu\/index.php?rest_route=%2Fwp%2Fv2%2Fcomments&post=339"}],"version-history":[{"count":5,"href":"https:\/\/konferencja.wieliczka.eu\/index.php?rest_route=\/wp\/v2\/pages\/339\/revisions"}],"predecessor-version":[{"id":415,"href":"https:\/\/konferencja.wieliczka.eu\/index.php?rest_route=\/wp\/v2\/pages\/339\/revisions\/415"}],"wp:attachment":[{"href":"https:\/\/konferencja.wieliczka.eu\/index.php?rest_route=%2Fwp%2Fv2%2Fmedia&parent=339"}],"curies":[{"name":"wp","href":"https:\/\/api.w.org\/{rel}","templated":true}]}}