{"id":17,"date":"2023-02-01T15:03:01","date_gmt":"2023-02-01T14:03:01","guid":{"rendered":"https:\/\/konferencja.wieliczka.eu\/?page_id=17"},"modified":"2023-02-15T14:04:56","modified_gmt":"2023-02-15T13:04:56","slug":"obszary-tematyczne","status":"publish","type":"page","link":"https:\/\/konferencja.wieliczka.eu\/?page_id=17","title":{"rendered":"OBSZARY TEMATYCZNE"},"content":{"rendered":"\n<p class=\"has-medium-font-size\"><strong>SAMORZ\u0104D 6.0.<\/strong><\/p>\n\n\n\n<ul class=\"wp-block-list\">\n<li>Innowacyjne strategie zarz\u0105dzania samorz\u0105dem lokalnym<\/li>\n<\/ul>\n\n\n\n<ul class=\"wp-block-list\">\n<li>Rozw\u00f3j lokalny a strategiczne zarz\u0105dzanie rozwojem gminy na bazie dziedzictwa kulturowego<\/li>\n<\/ul>\n\n\n\n<ul class=\"wp-block-list\">\n<li>Gmina w procesie realizacji zasady zr\u00f3wnowa\u017conego rozwoju<\/li>\n<\/ul>\n\n\n\n<ul class=\"wp-block-list\">\n<li>Wp\u0142yw polityki pa\u0144stwa na rozw\u00f3j lokalny<\/li>\n<\/ul>\n\n\n\n<ul class=\"wp-block-list\">\n<li>Determinanty wydatk\u00f3w inwestycyjnych samorz\u0105du terytorialnego<\/li>\n<\/ul>\n\n\n\n<ul class=\"wp-block-list\">\n<li>Zarz\u0105dzanie dzia\u0142alno\u015bci\u0105 operacyjn\u0105 i inwestycyjn\u0105 samorz\u0105d\u00f3w terytorialnych w Polsce<\/li>\n<\/ul>\n\n\n\n<ul class=\"wp-block-list\">\n<li>Dost\u0119pno\u015b\u0107 komunikacyjna o\u015brodk\u00f3w w\u0142adzy samorz\u0105dowej<\/li>\n<\/ul>\n\n\n\n<ul class=\"wp-block-list\">\n<li>Rynek us\u0142ug informatycznych w obs\u0142udze jednostek samorz\u0105dowych<\/li>\n<\/ul>\n\n\n\n<ul class=\"wp-block-list\">\n<li>Wsp\u00f3\u0142praca gminy z otoczeniem gospodarczym, nauk\u0105,<\/li>\n<\/ul>\n\n\n\n<ul class=\"wp-block-list\">\n<li>Udzia\u0142 JST w samorz\u0105dowej wsp\u00f3\u0142pracy mi\u0119dzynarodowej<\/li>\n<\/ul>\n\n\n\n<ul class=\"wp-block-list\">\n<li>Wsp\u00f3lnotowy wymiar samorz\u0105du terytorialnego\u2013rzeczywisto\u015b\u0107 a oczekiwania<\/li>\n<\/ul>\n\n\n\n<p><\/p>\n\n\n\n<p><\/p>\n\n\n\n<p class=\"has-medium-font-size\"><strong>NOWOCZESNE FINANSE<\/strong><\/p>\n\n\n\n<ul class=\"wp-block-list\">\n<li>Instrumenty utrzymania stabilno\u015bci finansowej jednostek samorz\u0105du terytorialnego<\/li>\n<\/ul>\n\n\n\n<ul class=\"wp-block-list\">\n<li>Regulacja prawa finansowego w odniesieniu do indywidualnego wska\u017anika zad\u0142u\u017cenia jednostek samorz\u0105du terytorialnego<\/li>\n<\/ul>\n\n\n\n<ul class=\"wp-block-list\">\n<li>Znaczenie wp\u0142yw\u00f3w z op\u0142at lokalnych w finansowaniu gmin<\/li>\n<\/ul>\n\n\n\n<ul class=\"wp-block-list\">\n<li>Stabilno\u015b\u0107 finans\u00f3w publicznych w Polsce i UE<\/li>\n<\/ul>\n\n\n\n<ul class=\"wp-block-list\">\n<li>Rola finans\u00f3w lokalnych w przezwyci\u0119\u017caniu nier\u00f3wno\u015bci spo\u0142eczno-ekonomicznych<\/li>\n<\/ul>\n\n\n\n<p><\/p>\n\n\n\n<p><\/p>\n\n\n\n<p class=\"has-medium-font-size\"><strong>US\u0141UGI GOSPODARCZE<\/strong><\/p>\n\n\n\n<ul class=\"wp-block-list\">\n<li>Rozw\u00f3j spo\u0142eczno-gospodarczy gminy a aktywno\u015b\u0107 spo\u0142eczno\u015bci lokalnych<\/li>\n<\/ul>\n\n\n\n<ul class=\"wp-block-list\">\n<li>Prowadzenie dzia\u0142alno\u015bci gospodarczej przez gmin\u0119<\/li>\n<\/ul>\n\n\n\n<ul class=\"wp-block-list\">\n<li>Czy gmina mo\u017ce by\u0107 przedsi\u0119biorc\u0105<\/li>\n<\/ul>\n\n\n\n<ul class=\"wp-block-list\">\n<li>Dzia\u0142alno\u015b\u0107 gospodarcza JST<\/li>\n<\/ul>\n\n\n\n<ul class=\"wp-block-list\">\n<li>Ocena dost\u0119pno\u015bci us\u0142ug medycznych w JST<\/li>\n<\/ul>\n\n\n\n<ul class=\"wp-block-list\">\n<li>Realizacja zada\u0144 publicznych JST w ramach partnerstwa publiczno-prywatnego<\/li>\n<\/ul>\n\n\n\n<p><\/p>\n\n\n\n<p class=\"has-medium-font-size\"><strong>ROZW\u00d3J SPO\u0141ECZNY<\/strong><\/p>\n\n\n\n<ul class=\"wp-block-list\">\n<li>Gminne systemy infrastruktury spo\u0142ecznej<\/li>\n<\/ul>\n\n\n\n<ul class=\"wp-block-list\">\n<li>Rola infrastruktury spo\u0142ecznej w zr\u00f3wnowa\u017conym rozwoju obszar\u00f3w wiejskich<\/li>\n<\/ul>\n\n\n\n<ul class=\"wp-block-list\">\n<li>Innowacje spo\u0142eczne w JST<\/li>\n<\/ul>\n\n\n\n<ul class=\"wp-block-list\">\n<li>Zr\u00f3\u017cnicowanie rozwoju spo\u0142ecznego gmin \/na wybranych przyk\u0142adach\/<\/li>\n<\/ul>\n\n\n\n<ul class=\"wp-block-list\">\n<li>Znaczenie kapita\u0142u spo\u0142ecznego w zr\u00f3wnowa\u017conym rozwoju gminy<\/li>\n<\/ul>\n\n\n\n<ul class=\"wp-block-list\">\n<li>Przestrze\u0144 do rozwoju edukacji i przedsi\u0119biorczo\u015bci spo\u0142ecznej opartej na lokalnych zasobach<\/li>\n\n\n\n<li>Partycypacja spo\u0142eczna w rozwoju lokalnym<\/li>\n<\/ul>\n","protected":false},"excerpt":{"rendered":"<p>SAMORZ\u0104D 6.0. NOWOCZESNE FINANSE US\u0141UGI GOSPODARCZE ROZW\u00d3J SPO\u0141ECZNY<\/p>\n","protected":false},"author":1,"featured_media":0,"parent":0,"menu_order":0,"comment_status":"closed","ping_status":"closed","template":"","meta":{"ngg_post_thumbnail":0,"footnotes":""},"class_list":["post-17","page","type-page","status-publish","hentry","latest_post"],"_links":{"self":[{"href":"https:\/\/konferencja.wieliczka.eu\/index.php?rest_route=\/wp\/v2\/pages\/17","targetHints":{"allow":["GET"]}}],"collection":[{"href":"https:\/\/konferencja.wieliczka.eu\/index.php?rest_route=\/wp\/v2\/pages"}],"about":[{"href":"https:\/\/konferencja.wieliczka.eu\/index.php?rest_route=\/wp\/v2\/types\/page"}],"author":[{"embeddable":true,"href":"https:\/\/konferencja.wieliczka.eu\/index.php?rest_route=\/wp\/v2\/users\/1"}],"replies":[{"embeddable":true,"href":"https:\/\/konferencja.wieliczka.eu\/index.php?rest_route=%2Fwp%2Fv2%2Fcomments&post=17"}],"version-history":[{"count":7,"href":"https:\/\/konferencja.wieliczka.eu\/index.php?rest_route=\/wp\/v2\/pages\/17\/revisions"}],"predecessor-version":[{"id":266,"href":"https:\/\/konferencja.wieliczka.eu\/index.php?rest_route=\/wp\/v2\/pages\/17\/revisions\/266"}],"wp:attachment":[{"href":"https:\/\/konferencja.wieliczka.eu\/index.php?rest_route=%2Fwp%2Fv2%2Fmedia&parent=17"}],"curies":[{"name":"wp","href":"https:\/\/api.w.org\/{rel}","templated":true}]}}